{"id":8,"date":"2018-01-30T22:02:37","date_gmt":"2018-01-30T22:02:37","guid":{"rendered":"https:\/\/sferasoftware.ro\/wpress\/?page_id=8"},"modified":"2018-02-08T14:14:14","modified_gmt":"2018-02-08T14:14:14","slug":"about","status":"publish","type":"page","link":"https:\/\/sferasoftware.ro\/wpress\/about\/","title":{"rendered":"Despre noi"},"content":{"rendered":"<p style=\"text-align: justify;\"><strong>S<\/strong>fera Software ofer\u0103 solu\u0163ii intuitive \u015fi flexibile pentru administrarea afacerilor, solu\u021bii care ajut\u0103 organiza\u0163iile s\u0103 ob\u0163in\u0103 eficien\u0163\u0103 \u015fi profitabilitate crescut\u0103 prin integrarea proceselor specifice activit\u0103\u0163ii de la toate nivelele acestora.<\/p>\n<p style=\"text-align: justify;\"><strong>\u00ce<\/strong>nc\u0103 de la \u00eenfiin\u0163are ne-am dedicat \u00een a furniza produse software care \u00een mod real adaug\u0103 valoare afacerilor.<\/p>\n<p style=\"text-align: justify;\"><strong>M<\/strong>iz\u0103m pe urm\u0103toarele atuuri \u015fi le consider\u0103m reguli:<br \/>\n\u2022 Avem capacitatea \u00een\u0163elegerii problemelor clientului \u015fi disponibilitate de\u00a0 rezolvare a acestora, pun\u00e2nd accentul pe sintetizarea rezultatelor<br \/>\n\u2022 Folosim cele mai noi tehnologii \u00een dezvoltare, acest lucru duc\u00e2nd at\u00e2t la scurtarea duratei de r\u0103spuns la o cerin\u0163\u0103 anume, c\u00e2t \u015fi la ob\u0163inerea de performan\u0163e superioare<br \/>\n\u2022 Utiliz\u0103m \u00een dezvoltare unelte de programare interactiv-vizual\u0103, tip RAD (Rapid Application Development), care scad costurile \u015fi timpii de implementare ini\u0163iali \u015fi a serviciilor de mentenan\u0163\u0103 ulterioare<br \/>\n\u2022 Consider\u0103m \u00eentotdeauna cerin\u0163ele clientului semnificative, infrastructura foarte flexibil\u0103 a aplica\u0163iei permi\u0163\u00e2nd o implementare facil\u0103 a acestora<\/p>\n","protected":false},"excerpt":{"rendered":"<p>Sfera Software ofer\u0103 solu\u0163ii intuitive \u015fi flexibile pentru administrarea afacerilor, solu\u021bii care ajut\u0103 organiza\u0163iile s\u0103 ob\u0163in\u0103 eficien\u0163\u0103 \u015fi profitabilitate crescut\u0103 prin integrarea proceselor specifice activit\u0103\u0163ii de la toate nivelele acestora. \u00cenc\u0103 de la \u00eenfiin\u0163are ne-am dedicat \u00een a furniza produse software care \u00een mod real adaug\u0103 valoare afacerilor. Miz\u0103m pe urm\u0103toarele atuuri \u015fi le consider\u0103m &hellip; <\/p>\n<p class=\"link-more\"><a href=\"https:\/\/sferasoftware.ro\/wpress\/about\/\" class=\"more-link\">Continue reading<span class=\"screen-reader-text\"> &#8220;Despre noi&#8221;<\/span><\/a><\/p>\n","protected":false},"author":1,"featured_media":0,"parent":0,"menu_order":0,"comment_status":"closed","ping_status":"closed","template":"","meta":{"spay_email":"","footnotes":""},"jetpack_sharing_enabled":true,"jetpack_shortlink":"https:\/\/wp.me\/P9DRAS-8","jetpack_likes_enabled":true,"jetpack-related-posts":[],"_links":{"self":[{"href":"https:\/\/sferasoftware.ro\/wpress\/wp-json\/wp\/v2\/pages\/8"}],"collection":[{"href":"https:\/\/sferasoftware.ro\/wpress\/wp-json\/wp\/v2\/pages"}],"about":[{"href":"https:\/\/sferasoftware.ro\/wpress\/wp-json\/wp\/v2\/types\/page"}],"author":[{"embeddable":true,"href":"https:\/\/sferasoftware.ro\/wpress\/wp-json\/wp\/v2\/users\/1"}],"replies":[{"embeddable":true,"href":"https:\/\/sferasoftware.ro\/wpress\/wp-json\/wp\/v2\/comments?post=8"}],"version-history":[{"count":12,"href":"https:\/\/sferasoftware.ro\/wpress\/wp-json\/wp\/v2\/pages\/8\/revisions"}],"predecessor-version":[{"id":53,"href":"https:\/\/sferasoftware.ro\/wpress\/wp-json\/wp\/v2\/pages\/8\/revisions\/53"}],"wp:attachment":[{"href":"https:\/\/sferasoftware.ro\/wpress\/wp-json\/wp\/v2\/media?parent=8"}],"curies":[{"name":"wp","href":"https:\/\/api.w.org\/{rel}","templated":true}]}}